{"id":9055,"date":"2025-02-21T15:52:07","date_gmt":"2025-02-21T14:52:07","guid":{"rendered":"https:\/\/www.emun.eus\/salaketa-kanala\/"},"modified":"2026-01-23T15:43:33","modified_gmt":"2026-01-23T14:43:33","slug":"salaketa-kanala","status":"publish","type":"page","link":"https:\/\/www.emun.eus\/fr\/salaketa-kanala\/","title":{"rendered":"Canal de d\u00e9nonciation"},"content":{"rendered":"<p>Emun Koop. La soci\u00e9t\u00e9 coop\u00e9rative E. (ci-apr\u00e8s d\u00e9nomm\u00e9e \u00ab <strong>EMUN<\/strong> \u00bb) met \u00e0 votre disposition son Canal de D\u00e9nonciation, afin que les personnes li\u00e9es \u00e0 l&rsquo;activit\u00e9 de la coop\u00e9rative puissent signaler de mani\u00e8re confidentielle tout acte ou omission pouvant constituer une infraction \u00e0 la loi, notamment p\u00e9nale ou administrative.<\/p>\n<p>Emune s&rsquo;appuie sur une politique de gestion d&rsquo;entreprise fond\u00e9e sur le principe de la \u00ab tol\u00e9rance z\u00e9ro \u00bb pour lutter contre les actes illicites, les violations des r\u00e8gles ou toute forme de corruption, d&rsquo;abus ou de discrimination.<\/p>\n<p>Notre Canal de D\u00e9nonciation est g\u00e9r\u00e9 par une entreprise externe, afin de donner la plus grande confidentialit\u00e9 et objectivit\u00e9 aux communications re\u00e7ues.<\/p>\n<p>Pour utiliser le canal de d\u00e9nonciation, les utilisateurs doivent agir de bonne foi. Les informations fournies par le canal de d\u00e9nonciation doivent \u00eatre exactes et porter exclusivement sur un acte ou une omission susceptible de constituer une infraction \u00e0 la loi ou de violer les r\u00e8gles corporatives. Le canal de d\u00e9nonciation ne peut \u00eatre utilis\u00e9 \u00e0 d&rsquo;autres fins.<\/p>\n<p>Le r\u00e8glement garantit qu&rsquo;il n&rsquo;y aura pas de repr\u00e9sailles contre les personnes qui utilisent correctement le canal de d\u00e9nonciation, mais pr\u00e9voit \u00e9galement des sanctions dans les cas o\u00f9 il est utilis\u00e9 de mani\u00e8re malveillante, comme la divulgation d&rsquo;informations fausses ou incompl\u00e8tes.<\/p>\n<p>Le canal de d\u00e9nonciation est disponible sur ce <a href=\"https:\/\/centinela.lefebvre.es\/public\/concept\/2376581?access=oCRUvMGK08ULPFgKPzE6FItNroWfB5SlRMh1iNmj56E%3D\">lien<\/a>.<\/p>\n<p>Le fonctionnement de notre Canal de D\u00e9nonciation et de notre Syst\u00e8me d&rsquo;Information Interne sera \u00e0 tout moment conforme aux dispositions de la Directive 2019\/1937 de l&rsquo;Union Europ\u00e9enne relative \u00e0 la protection des personnes qui fournissent des informations sur les infractions au droit de l&rsquo;Union, de la Loi 2\/2023 du 20 f\u00e9vrier et d&rsquo;autres normes qui compl\u00e8tent, d\u00e9veloppent ou remplacent ces normes.<\/p>\n<p>Pour plus d&rsquo;informations sur ce sujet, vous pouvez nous contacter \u00e0 l&rsquo;adresse suivante : <strong><a href=\"mailto:konfidentzialtasunez@emun.eus\" rel=\"noopener\" target=\"_blank\">konfidentzialtasunez@emun.eus<\/a><\/strong><\/p>\n","protected":false},"excerpt":{"rendered":"<p>Emun Koop. La soci\u00e9t\u00e9 coop\u00e9rative E. (ci-apr\u00e8s d\u00e9nomm\u00e9e \u00ab EMUN \u00bb) met \u00e0 votre disposition son Canal de D\u00e9nonciation, afin que les personnes li\u00e9es \u00e0 l&rsquo;activit\u00e9 de la coop\u00e9rative puissent signaler de mani\u00e8re confidentielle tout acte ou omission pouvant constituer une infraction \u00e0 la loi, notamment p\u00e9nale ou administrative. Emune s&rsquo;appuie sur une politique de [&hellip;]<\/p>\n","protected":false},"author":1,"featured_media":3714,"parent":0,"menu_order":0,"comment_status":"closed","ping_status":"closed","template":"","meta":{"_acf_changed":false,"footnotes":""},"tags":[],"acf":[],"_links":{"self":[{"href":"https:\/\/www.emun.eus\/fr\/wp-json\/wp\/v2\/pages\/9055"}],"collection":[{"href":"https:\/\/www.emun.eus\/fr\/wp-json\/wp\/v2\/pages"}],"about":[{"href":"https:\/\/www.emun.eus\/fr\/wp-json\/wp\/v2\/types\/page"}],"author":[{"embeddable":true,"href":"https:\/\/www.emun.eus\/fr\/wp-json\/wp\/v2\/users\/1"}],"replies":[{"embeddable":true,"href":"https:\/\/www.emun.eus\/fr\/wp-json\/wp\/v2\/comments?post=9055"}],"version-history":[{"count":4,"href":"https:\/\/www.emun.eus\/fr\/wp-json\/wp\/v2\/pages\/9055\/revisions"}],"predecessor-version":[{"id":9073,"href":"https:\/\/www.emun.eus\/fr\/wp-json\/wp\/v2\/pages\/9055\/revisions\/9073"}],"wp:featuredmedia":[{"embeddable":true,"href":"https:\/\/www.emun.eus\/fr\/wp-json\/wp\/v2\/media\/3714"}],"wp:attachment":[{"href":"https:\/\/www.emun.eus\/fr\/wp-json\/wp\/v2\/media?parent=9055"}],"wp:term":[{"taxonomy":"post_tag","embeddable":true,"href":"https:\/\/www.emun.eus\/fr\/wp-json\/wp\/v2\/tags?post=9055"}],"curies":[{"name":"wp","href":"https:\/\/api.w.org\/{rel}","templated":true}]}}